{"id":621,"date":"2025-06-12T11:52:46","date_gmt":"2025-06-12T11:52:46","guid":{"rendered":"https:\/\/dropaccess.org\/?post_type=product&#038;p=621"},"modified":"2025-12-28T15:16:43","modified_gmt":"2025-12-28T15:16:43","slug":"insucool-insulin-carriers-solution","status":"publish","type":"product","link":"https:\/\/dropaccess.org\/fr\/produit\/insucool-insulin-carriers-solution\/","title":{"rendered":"Insucool"},"content":{"rendered":"","protected":false},"excerpt":{"rendered":"<p data-start=\"144\" data-end=\"474\"><strong data-start=\"144\" data-end=\"181\">Aper\u00e7u du produit et donn\u00e9es techniques<\/strong><br data-start=\"181\" data-end=\"184\" \/>Insucool est un refroidisseur passif de vaccins haute performance con\u00e7u pour maintenir la temp\u00e9rature entre +2\u00b0C et +8\u00b0C pendant des p\u00e9riodes prolong\u00e9es sans alimentation \u00e9lectrique. Elle est id\u00e9ale pour les livraisons sur le dernier kilom\u00e8tre, les centres de sant\u00e9 ruraux et le d\u00e9ploiement de vaccins d'urgence. \u00c9quip\u00e9e d'une isolation de haute qualit\u00e9 et de packs de froid r\u00e9utilisables.<\/p>\n<p data-start=\"144\" data-end=\"474\"><strong>Dimensions :<\/strong> 220 (L) x 107 (P) x 110 (H) mm<\/p>\n<p data-start=\"144\" data-end=\"474\"><strong>Capacit\u00e9<\/strong>: 180 x 65 x 40 mm (468 cm3)<\/p>\n<p data-start=\"144\" data-end=\"474\"><strong>Poids net<\/strong>: 1,4 kg<\/p>\n<p data-start=\"144\" data-end=\"474\"><strong>Tension<\/strong>: 12V DC (voiture) ou 110-240V AC<\/p>\n<p data-start=\"144\" data-end=\"474\"><strong>Batterie<\/strong>2*3.7V, Li-ion 5200mAh<\/p>\n<p data-start=\"144\" data-end=\"474\"><strong>Consommation \u00e9lectrique :<\/strong> 25 watts max<\/p>\n<p data-start=\"144\" data-end=\"474\"><strong>Plage de temp\u00e9rature :<\/strong> 2\u00b0C \u00e0 8\u00b0C, +\/- 1\u00b0C<\/p>\n<p data-start=\"144\" data-end=\"474\"><strong>Isolation :<\/strong> Mousse de polyur\u00e9thane sans CFC<\/p>\n<p data-start=\"144\" data-end=\"474\"><strong>Syst\u00e8me<\/strong>: Technologie thermo\u00e9lectrique sans usure avec ventilateur int\u00e9rieur \u00e0 semi-conducteur<\/p>\n<p data-start=\"144\" data-end=\"474\"><strong>Mat\u00e9riau :<\/strong> ABS<\/p>\n<p data-start=\"144\" data-end=\"474\"><strong data-start=\"864\" data-end=\"873\">Prix<\/strong>: 60 USD<\/p>\n<p data-start=\"820\" data-end=\"884\">","protected":false},"featured_media":622,"template":"","meta":{"_acf_changed":false,"inline_featured_image":false},"product_brand":[],"product_cat":[16],"product_tag":[],"class_list":{"0":"post-621","1":"product","2":"type-product","3":"status-publish","4":"has-post-thumbnail","6":"product_cat-uncategorized","8":"first","9":"instock","10":"featured","11":"sold-individually","12":"shipping-taxable","13":"product-type-simple"},"acf":[],"yoast_head":"<!-- This site is optimized with the Yoast SEO plugin v26.9 - https:\/\/yoast.com\/product\/yoast-seo-wordpress\/ -->\n<title>Insucool - Insulin Carriers Solution<\/title>\n<meta name=\"description\" content=\"Insulin carriers solution for safely storing and transporting insulin. Designed for pharmacies and households, it maintains the ideal temperature for insulin.\" \/>\n<meta name=\"robots\" content=\"index, follow, max-snippet:-1, max-image-preview:large, max-video-preview:-1\" \/>\n<link rel=\"canonical\" href=\"https:\/\/dropaccess.org\/fr\/produit\/insucool-insulin-carriers-solution\/\" \/>\n<meta property=\"og:locale\" content=\"fr_FR\" \/>\n<meta property=\"og:type\" content=\"article\" \/>\n<meta property=\"og:title\" content=\"Insucool - Insulin Carriers Solution\" \/>\n<meta property=\"og:description\" content=\"Insulin carriers solution for safely storing and transporting insulin. Designed for pharmacies and households, it maintains the ideal temperature for insulin.\" \/>\n<meta property=\"og:url\" content=\"https:\/\/dropaccess.org\/fr\/produit\/insucool-insulin-carriers-solution\/\" \/>\n<meta property=\"og:site_name\" content=\"Drop Access\" \/>\n<meta property=\"article:publisher\" content=\"https:\/\/www.facebook.com\/people\/Drop-Access-Limited\/61550777701702\/\" \/>\n<meta property=\"article:modified_time\" content=\"2025-12-28T15:16:43+00:00\" \/>\n<meta property=\"og:image\" content=\"https:\/\/dropaccess.org\/wp-content\/uploads\/2025\/06\/DropAccess_52.jpg\" \/>\n\t<meta property=\"og:image:width\" content=\"1920\" \/>\n\t<meta property=\"og:image:height\" content=\"1280\" \/>\n\t<meta property=\"og:image:type\" content=\"image\/jpeg\" \/>\n<meta name=\"twitter:card\" content=\"summary_large_image\" \/>\n<meta name=\"twitter:site\" content=\"@AccessDrop\" \/>\n<meta name=\"twitter:label1\" content=\"Dur\u00e9e de lecture estim\u00e9e\" \/>\n\t<meta name=\"twitter:data1\" content=\"1 minute\" \/>\n<script type=\"application\/ld+json\" class=\"yoast-schema-graph\">{\"@context\":\"https:\/\/schema.org\",\"@graph\":[{\"@type\":\"WebPage\",\"@id\":\"https:\/\/dropaccess.org\/product\/insucool-insulin-carriers-solution\/\",\"url\":\"https:\/\/dropaccess.org\/product\/insucool-insulin-carriers-solution\/\",\"name\":\"Insucool - Insulin Carriers Solution\",\"isPartOf\":{\"@id\":\"https:\/\/dropaccess.org\/#website\"},\"primaryImageOfPage\":{\"@id\":\"https:\/\/dropaccess.org\/product\/insucool-insulin-carriers-solution\/#primaryimage\"},\"image\":{\"@id\":\"https:\/\/dropaccess.org\/product\/insucool-insulin-carriers-solution\/#primaryimage\"},\"thumbnailUrl\":\"https:\/\/dropaccess.org\/wp-content\/uploads\/2025\/06\/DropAccess_52.jpg\",\"datePublished\":\"2025-06-12T11:52:46+00:00\",\"dateModified\":\"2025-12-28T15:16:43+00:00\",\"description\":\"Insulin carriers solution for safely storing and transporting insulin. Designed for pharmacies and households, it maintains the ideal temperature for insulin.\",\"breadcrumb\":{\"@id\":\"https:\/\/dropaccess.org\/product\/insucool-insulin-carriers-solution\/#breadcrumb\"},\"inLanguage\":\"fr-FR\",\"potentialAction\":[{\"@type\":\"ReadAction\",\"target\":[\"https:\/\/dropaccess.org\/product\/insucool-insulin-carriers-solution\/\"]}]},{\"@type\":\"ImageObject\",\"inLanguage\":\"fr-FR\",\"@id\":\"https:\/\/dropaccess.org\/product\/insucool-insulin-carriers-solution\/#primaryimage\",\"url\":\"https:\/\/dropaccess.org\/wp-content\/uploads\/2025\/06\/DropAccess_52.jpg\",\"contentUrl\":\"https:\/\/dropaccess.org\/wp-content\/uploads\/2025\/06\/DropAccess_52.jpg\",\"width\":1920,\"height\":1280},{\"@type\":\"BreadcrumbList\",\"@id\":\"https:\/\/dropaccess.org\/product\/insucool-insulin-carriers-solution\/#breadcrumb\",\"itemListElement\":[{\"@type\":\"ListItem\",\"position\":1,\"name\":\"Home\",\"item\":\"https:\/\/dropaccess.org\/\"},{\"@type\":\"ListItem\",\"position\":2,\"name\":\"Products\",\"item\":\"https:\/\/dropaccess.org\/shop\/\"},{\"@type\":\"ListItem\",\"position\":3,\"name\":\"Insucool\"}]},{\"@type\":\"WebSite\",\"@id\":\"https:\/\/dropaccess.org\/#website\",\"url\":\"https:\/\/dropaccess.org\/\",\"name\":\"Drop Access\",\"description\":\"\",\"publisher\":{\"@id\":\"https:\/\/dropaccess.org\/#organization\"},\"potentialAction\":[{\"@type\":\"SearchAction\",\"target\":{\"@type\":\"EntryPoint\",\"urlTemplate\":\"https:\/\/dropaccess.org\/?s={search_term_string}\"},\"query-input\":{\"@type\":\"PropertyValueSpecification\",\"valueRequired\":true,\"valueName\":\"search_term_string\"}}],\"inLanguage\":\"fr-FR\"},{\"@type\":\"Organization\",\"@id\":\"https:\/\/dropaccess.org\/#organization\",\"name\":\"Drop Access\",\"url\":\"https:\/\/dropaccess.org\/\",\"logo\":{\"@type\":\"ImageObject\",\"inLanguage\":\"fr-FR\",\"@id\":\"https:\/\/dropaccess.org\/#\/schema\/logo\/image\/\",\"url\":\"https:\/\/dropaccess.org\/wp-content\/uploads\/2025\/06\/dropaccess-1536x477-2.png\",\"contentUrl\":\"https:\/\/dropaccess.org\/wp-content\/uploads\/2025\/06\/dropaccess-1536x477-2.png\",\"width\":1536,\"height\":477,\"caption\":\"Drop Access\"},\"image\":{\"@id\":\"https:\/\/dropaccess.org\/#\/schema\/logo\/image\/\"},\"sameAs\":[\"https:\/\/www.facebook.com\/people\/Drop-Access-Limited\/61550777701702\/\",\"https:\/\/x.com\/AccessDrop\",\"https:\/\/www.instagram.com\/dropaccesslimited\/\",\"https:\/\/www.linkedin.com\/company\/drop-access-limited\",\"https:\/\/www.youtube.com\/@DropAccess\",\"https:\/\/www.tiktok.com\/@drop.access.limited\"]}]}<\/script>\n<!-- \/ Yoast SEO plugin. -->","yoast_head_json":{"title":"Insucool - Insulin Carriers Solution","description":"Insulin carriers solution for safely storing and transporting insulin. Designed for pharmacies and households, it maintains the ideal temperature for insulin.","robots":{"index":"index","follow":"follow","max-snippet":"max-snippet:-1","max-image-preview":"max-image-preview:large","max-video-preview":"max-video-preview:-1"},"canonical":"https:\/\/dropaccess.org\/fr\/produit\/insucool-insulin-carriers-solution\/","og_locale":"fr_FR","og_type":"article","og_title":"Insucool - Insulin Carriers Solution","og_description":"Insulin carriers solution for safely storing and transporting insulin. Designed for pharmacies and households, it maintains the ideal temperature for insulin.","og_url":"https:\/\/dropaccess.org\/fr\/produit\/insucool-insulin-carriers-solution\/","og_site_name":"Drop Access","article_publisher":"https:\/\/www.facebook.com\/people\/Drop-Access-Limited\/61550777701702\/","article_modified_time":"2025-12-28T15:16:43+00:00","og_image":[{"width":1920,"height":1280,"url":"https:\/\/dropaccess.org\/wp-content\/uploads\/2025\/06\/DropAccess_52.jpg","type":"image\/jpeg"}],"twitter_card":"summary_large_image","twitter_site":"@AccessDrop","twitter_misc":{"Dur\u00e9e de lecture estim\u00e9e":"1 minute"},"schema":{"@context":"https:\/\/schema.org","@graph":[{"@type":"WebPage","@id":"https:\/\/dropaccess.org\/product\/insucool-insulin-carriers-solution\/","url":"https:\/\/dropaccess.org\/product\/insucool-insulin-carriers-solution\/","name":"Insucool - Insulin Carriers Solution","isPartOf":{"@id":"https:\/\/dropaccess.org\/#website"},"primaryImageOfPage":{"@id":"https:\/\/dropaccess.org\/product\/insucool-insulin-carriers-solution\/#primaryimage"},"image":{"@id":"https:\/\/dropaccess.org\/product\/insucool-insulin-carriers-solution\/#primaryimage"},"thumbnailUrl":"https:\/\/dropaccess.org\/wp-content\/uploads\/2025\/06\/DropAccess_52.jpg","datePublished":"2025-06-12T11:52:46+00:00","dateModified":"2025-12-28T15:16:43+00:00","description":"Insulin carriers solution for safely storing and transporting insulin. Designed for pharmacies and households, it maintains the ideal temperature for insulin.","breadcrumb":{"@id":"https:\/\/dropaccess.org\/product\/insucool-insulin-carriers-solution\/#breadcrumb"},"inLanguage":"fr-FR","potentialAction":[{"@type":"ReadAction","target":["https:\/\/dropaccess.org\/product\/insucool-insulin-carriers-solution\/"]}]},{"@type":"ImageObject","inLanguage":"fr-FR","@id":"https:\/\/dropaccess.org\/product\/insucool-insulin-carriers-solution\/#primaryimage","url":"https:\/\/dropaccess.org\/wp-content\/uploads\/2025\/06\/DropAccess_52.jpg","contentUrl":"https:\/\/dropaccess.org\/wp-content\/uploads\/2025\/06\/DropAccess_52.jpg","width":1920,"height":1280},{"@type":"BreadcrumbList","@id":"https:\/\/dropaccess.org\/product\/insucool-insulin-carriers-solution\/#breadcrumb","itemListElement":[{"@type":"ListItem","position":1,"name":"Home","item":"https:\/\/dropaccess.org\/"},{"@type":"ListItem","position":2,"name":"Products","item":"https:\/\/dropaccess.org\/shop\/"},{"@type":"ListItem","position":3,"name":"Insucool"}]},{"@type":"WebSite","@id":"https:\/\/dropaccess.org\/#website","url":"https:\/\/dropaccess.org\/","name":"Acc\u00e8s au d\u00e9p\u00f4t","description":"","publisher":{"@id":"https:\/\/dropaccess.org\/#organization"},"potentialAction":[{"@type":"SearchAction","target":{"@type":"EntryPoint","urlTemplate":"https:\/\/dropaccess.org\/?s={search_term_string}"},"query-input":{"@type":"PropertyValueSpecification","valueRequired":true,"valueName":"search_term_string"}}],"inLanguage":"fr-FR"},{"@type":"Organization","@id":"https:\/\/dropaccess.org\/#organization","name":"Acc\u00e8s au d\u00e9p\u00f4t","url":"https:\/\/dropaccess.org\/","logo":{"@type":"ImageObject","inLanguage":"fr-FR","@id":"https:\/\/dropaccess.org\/#\/schema\/logo\/image\/","url":"https:\/\/dropaccess.org\/wp-content\/uploads\/2025\/06\/dropaccess-1536x477-2.png","contentUrl":"https:\/\/dropaccess.org\/wp-content\/uploads\/2025\/06\/dropaccess-1536x477-2.png","width":1536,"height":477,"caption":"Drop Access"},"image":{"@id":"https:\/\/dropaccess.org\/#\/schema\/logo\/image\/"},"sameAs":["https:\/\/www.facebook.com\/people\/Drop-Access-Limited\/61550777701702\/","https:\/\/x.com\/AccessDrop","https:\/\/www.instagram.com\/dropaccesslimited\/","https:\/\/www.linkedin.com\/company\/drop-access-limited","https:\/\/www.youtube.com\/@DropAccess","https:\/\/www.tiktok.com\/@drop.access.limited"]}]}},"_links":{"self":[{"href":"https:\/\/dropaccess.org\/fr\/wp-json\/wp\/v2\/product\/621","targetHints":{"allow":["GET"]}}],"collection":[{"href":"https:\/\/dropaccess.org\/fr\/wp-json\/wp\/v2\/product"}],"about":[{"href":"https:\/\/dropaccess.org\/fr\/wp-json\/wp\/v2\/types\/product"}],"wp:featuredmedia":[{"embeddable":true,"href":"https:\/\/dropaccess.org\/fr\/wp-json\/wp\/v2\/media\/622"}],"wp:attachment":[{"href":"https:\/\/dropaccess.org\/fr\/wp-json\/wp\/v2\/media?parent=621"}],"wp:term":[{"taxonomy":"product_brand","embeddable":true,"href":"https:\/\/dropaccess.org\/fr\/wp-json\/wp\/v2\/product_brand?post=621"},{"taxonomy":"product_cat","embeddable":true,"href":"https:\/\/dropaccess.org\/fr\/wp-json\/wp\/v2\/product_cat?post=621"},{"taxonomy":"product_tag","embeddable":true,"href":"https:\/\/dropaccess.org\/fr\/wp-json\/wp\/v2\/product_tag?post=621"}],"curies":[{"name":"wp","href":"https:\/\/api.w.org\/{rel}","templated":true}]}}