{"id":89,"date":"2025-04-01T19:31:11","date_gmt":"2025-04-01T19:31:11","guid":{"rendered":"https:\/\/dropaccess.org\/?post_type=product&#038;p=89"},"modified":"2025-12-28T15:19:53","modified_gmt":"2025-12-28T15:19:53","slug":"solar-pump","status":"publish","type":"product","link":"https:\/\/dropaccess.org\/es\/producto\/solar-pump\/","title":{"rendered":"Bomba solar"},"content":{"rendered":"","protected":false},"excerpt":{"rendered":"<p data-start=\"2603\" data-end=\"2938\"><strong data-start=\"2603\" data-end=\"2640\">Descripci\u00f3n general del producto y datos t\u00e9cnicos<\/strong><br data-start=\"2640\" data-end=\"2643\" \/>Bomba de superficie accionada por energ\u00eda solar, dise\u00f1ada para el riego y el suministro de agua con soporte de potencia variable y gran elevaci\u00f3n.<\/p>\n<p data-start=\"2603\" data-end=\"2938\"><strong data-start=\"2759\" data-end=\"2771\">Capacidad<\/strong>: 1,0 CV<\/p>\n<p data-start=\"2603\" data-end=\"2938\"><strong data-start=\"2782\" data-end=\"2799\">Calificaci\u00f3n energ\u00e9tica<\/strong>: 800W<\/p>\n<p data-start=\"2603\" data-end=\"2938\"><strong data-start=\"2808\" data-end=\"2828\">Colores disponibles<\/strong>: Acero inoxidable<\/p>\n<p data-start=\"2603\" data-end=\"2938\"><strong data-start=\"2848\" data-end=\"2864\">Volumen de agua<\/strong>: 5,3 m\u00b3\/h<\/p>\n<p data-start=\"2603\" data-end=\"2938\"><strong data-start=\"2878\" data-end=\"2892\">Cabeza total<\/strong>: 75 metros<\/p>\n<p data-start=\"2603\" data-end=\"2938\"><strong data-start=\"2924\" data-end=\"2933\">Precio<\/strong>: - Desde 127.500 Ksh<\/p>","protected":false},"featured_media":589,"template":"","meta":{"_acf_changed":false,"inline_featured_image":false},"product_brand":[],"product_cat":[16],"product_tag":[],"class_list":{"0":"post-89","1":"product","2":"type-product","3":"status-publish","4":"has-post-thumbnail","6":"product_cat-uncategorized","8":"first","9":"instock","10":"featured","11":"sold-individually","12":"shipping-taxable","13":"product-type-simple"},"acf":[],"yoast_head":"<!-- This site is optimized with the Yoast SEO plugin v26.9 - https:\/\/yoast.com\/product\/yoast-seo-wordpress\/ -->\n<title>Portable Solar Pump<\/title>\n<meta name=\"description\" content=\"Portable solar pump provides a reliable water solution for rural farmers and households, boosting crop yields, saving time, and improving livelihoods.\" \/>\n<meta name=\"robots\" content=\"index, follow, max-snippet:-1, max-image-preview:large, max-video-preview:-1\" \/>\n<link rel=\"canonical\" href=\"https:\/\/dropaccess.org\/es\/producto\/solar-pump\/\" \/>\n<meta property=\"og:locale\" content=\"es_ES\" \/>\n<meta property=\"og:type\" content=\"article\" \/>\n<meta property=\"og:title\" content=\"Portable Solar Pump\" \/>\n<meta property=\"og:description\" content=\"Portable solar pump provides a reliable water solution for rural farmers and households, boosting crop yields, saving time, and improving livelihoods.\" \/>\n<meta property=\"og:url\" content=\"https:\/\/dropaccess.org\/es\/producto\/solar-pump\/\" \/>\n<meta property=\"og:site_name\" content=\"Drop Access\" \/>\n<meta property=\"article:publisher\" content=\"https:\/\/www.facebook.com\/people\/Drop-Access-Limited\/61550777701702\/\" \/>\n<meta property=\"article:modified_time\" content=\"2025-12-28T15:19:53+00:00\" \/>\n<meta property=\"og:image\" content=\"https:\/\/dropaccess.org\/wp-content\/uploads\/2025\/06\/DropAccess_34.jpg\" \/>\n\t<meta property=\"og:image:width\" content=\"1920\" \/>\n\t<meta property=\"og:image:height\" content=\"1280\" \/>\n\t<meta property=\"og:image:type\" content=\"image\/jpeg\" \/>\n<meta name=\"twitter:card\" content=\"summary_large_image\" \/>\n<meta name=\"twitter:site\" content=\"@AccessDrop\" \/>\n<meta name=\"twitter:label1\" content=\"Tiempo de lectura\" \/>\n\t<meta name=\"twitter:data1\" content=\"1 minuto\" \/>\n<script type=\"application\/ld+json\" class=\"yoast-schema-graph\">{\"@context\":\"https:\/\/schema.org\",\"@graph\":[{\"@type\":\"WebPage\",\"@id\":\"https:\/\/dropaccess.org\/product\/solar-pump\/\",\"url\":\"https:\/\/dropaccess.org\/product\/solar-pump\/\",\"name\":\"Portable Solar Pump\",\"isPartOf\":{\"@id\":\"https:\/\/dropaccess.org\/#website\"},\"primaryImageOfPage\":{\"@id\":\"https:\/\/dropaccess.org\/product\/solar-pump\/#primaryimage\"},\"image\":{\"@id\":\"https:\/\/dropaccess.org\/product\/solar-pump\/#primaryimage\"},\"thumbnailUrl\":\"https:\/\/dropaccess.org\/wp-content\/uploads\/2025\/06\/DropAccess_34.jpg\",\"datePublished\":\"2025-04-01T19:31:11+00:00\",\"dateModified\":\"2025-12-28T15:19:53+00:00\",\"description\":\"Portable solar pump provides a reliable water solution for rural farmers and households, boosting crop yields, saving time, and improving livelihoods.\",\"breadcrumb\":{\"@id\":\"https:\/\/dropaccess.org\/product\/solar-pump\/#breadcrumb\"},\"inLanguage\":\"es\",\"potentialAction\":[{\"@type\":\"ReadAction\",\"target\":[\"https:\/\/dropaccess.org\/product\/solar-pump\/\"]}]},{\"@type\":\"ImageObject\",\"inLanguage\":\"es\",\"@id\":\"https:\/\/dropaccess.org\/product\/solar-pump\/#primaryimage\",\"url\":\"https:\/\/dropaccess.org\/wp-content\/uploads\/2025\/06\/DropAccess_34.jpg\",\"contentUrl\":\"https:\/\/dropaccess.org\/wp-content\/uploads\/2025\/06\/DropAccess_34.jpg\",\"width\":1920,\"height\":1280},{\"@type\":\"BreadcrumbList\",\"@id\":\"https:\/\/dropaccess.org\/product\/solar-pump\/#breadcrumb\",\"itemListElement\":[{\"@type\":\"ListItem\",\"position\":1,\"name\":\"Home\",\"item\":\"https:\/\/dropaccess.org\/\"},{\"@type\":\"ListItem\",\"position\":2,\"name\":\"Products\",\"item\":\"https:\/\/dropaccess.org\/shop\/\"},{\"@type\":\"ListItem\",\"position\":3,\"name\":\"Solar Pump\"}]},{\"@type\":\"WebSite\",\"@id\":\"https:\/\/dropaccess.org\/#website\",\"url\":\"https:\/\/dropaccess.org\/\",\"name\":\"Drop Access\",\"description\":\"\",\"publisher\":{\"@id\":\"https:\/\/dropaccess.org\/#organization\"},\"potentialAction\":[{\"@type\":\"SearchAction\",\"target\":{\"@type\":\"EntryPoint\",\"urlTemplate\":\"https:\/\/dropaccess.org\/?s={search_term_string}\"},\"query-input\":{\"@type\":\"PropertyValueSpecification\",\"valueRequired\":true,\"valueName\":\"search_term_string\"}}],\"inLanguage\":\"es\"},{\"@type\":\"Organization\",\"@id\":\"https:\/\/dropaccess.org\/#organization\",\"name\":\"Drop Access\",\"url\":\"https:\/\/dropaccess.org\/\",\"logo\":{\"@type\":\"ImageObject\",\"inLanguage\":\"es\",\"@id\":\"https:\/\/dropaccess.org\/#\/schema\/logo\/image\/\",\"url\":\"https:\/\/dropaccess.org\/wp-content\/uploads\/2025\/06\/dropaccess-1536x477-2.png\",\"contentUrl\":\"https:\/\/dropaccess.org\/wp-content\/uploads\/2025\/06\/dropaccess-1536x477-2.png\",\"width\":1536,\"height\":477,\"caption\":\"Drop Access\"},\"image\":{\"@id\":\"https:\/\/dropaccess.org\/#\/schema\/logo\/image\/\"},\"sameAs\":[\"https:\/\/www.facebook.com\/people\/Drop-Access-Limited\/61550777701702\/\",\"https:\/\/x.com\/AccessDrop\",\"https:\/\/www.instagram.com\/dropaccesslimited\/\",\"https:\/\/www.linkedin.com\/company\/drop-access-limited\",\"https:\/\/www.youtube.com\/@DropAccess\",\"https:\/\/www.tiktok.com\/@drop.access.limited\"]}]}<\/script>\n<!-- \/ Yoast SEO plugin. -->","yoast_head_json":{"title":"Bomba solar port\u00e1til","description":"Portable solar pump provides a reliable water solution for rural farmers and households, boosting crop yields, saving time, and improving livelihoods.","robots":{"index":"index","follow":"follow","max-snippet":"max-snippet:-1","max-image-preview":"max-image-preview:large","max-video-preview":"max-video-preview:-1"},"canonical":"https:\/\/dropaccess.org\/es\/producto\/solar-pump\/","og_locale":"es_ES","og_type":"article","og_title":"Portable Solar Pump","og_description":"Portable solar pump provides a reliable water solution for rural farmers and households, boosting crop yields, saving time, and improving livelihoods.","og_url":"https:\/\/dropaccess.org\/es\/producto\/solar-pump\/","og_site_name":"Drop Access","article_publisher":"https:\/\/www.facebook.com\/people\/Drop-Access-Limited\/61550777701702\/","article_modified_time":"2025-12-28T15:19:53+00:00","og_image":[{"width":1920,"height":1280,"url":"https:\/\/dropaccess.org\/wp-content\/uploads\/2025\/06\/DropAccess_34.jpg","type":"image\/jpeg"}],"twitter_card":"summary_large_image","twitter_site":"@AccessDrop","twitter_misc":{"Tiempo de lectura":"1 minuto"},"schema":{"@context":"https:\/\/schema.org","@graph":[{"@type":"WebPage","@id":"https:\/\/dropaccess.org\/product\/solar-pump\/","url":"https:\/\/dropaccess.org\/product\/solar-pump\/","name":"Bomba solar port\u00e1til","isPartOf":{"@id":"https:\/\/dropaccess.org\/#website"},"primaryImageOfPage":{"@id":"https:\/\/dropaccess.org\/product\/solar-pump\/#primaryimage"},"image":{"@id":"https:\/\/dropaccess.org\/product\/solar-pump\/#primaryimage"},"thumbnailUrl":"https:\/\/dropaccess.org\/wp-content\/uploads\/2025\/06\/DropAccess_34.jpg","datePublished":"2025-04-01T19:31:11+00:00","dateModified":"2025-12-28T15:19:53+00:00","description":"Portable solar pump provides a reliable water solution for rural farmers and households, boosting crop yields, saving time, and improving livelihoods.","breadcrumb":{"@id":"https:\/\/dropaccess.org\/product\/solar-pump\/#breadcrumb"},"inLanguage":"es","potentialAction":[{"@type":"ReadAction","target":["https:\/\/dropaccess.org\/product\/solar-pump\/"]}]},{"@type":"ImageObject","inLanguage":"es","@id":"https:\/\/dropaccess.org\/product\/solar-pump\/#primaryimage","url":"https:\/\/dropaccess.org\/wp-content\/uploads\/2025\/06\/DropAccess_34.jpg","contentUrl":"https:\/\/dropaccess.org\/wp-content\/uploads\/2025\/06\/DropAccess_34.jpg","width":1920,"height":1280},{"@type":"BreadcrumbList","@id":"https:\/\/dropaccess.org\/product\/solar-pump\/#breadcrumb","itemListElement":[{"@type":"ListItem","position":1,"name":"Home","item":"https:\/\/dropaccess.org\/"},{"@type":"ListItem","position":2,"name":"Products","item":"https:\/\/dropaccess.org\/shop\/"},{"@type":"ListItem","position":3,"name":"Solar Pump"}]},{"@type":"WebSite","@id":"https:\/\/dropaccess.org\/#website","url":"https:\/\/dropaccess.org\/","name":"Acceso directo","description":"","publisher":{"@id":"https:\/\/dropaccess.org\/#organization"},"potentialAction":[{"@type":"SearchAction","target":{"@type":"EntryPoint","urlTemplate":"https:\/\/dropaccess.org\/?s={search_term_string}"},"query-input":{"@type":"PropertyValueSpecification","valueRequired":true,"valueName":"search_term_string"}}],"inLanguage":"es"},{"@type":"Organization","@id":"https:\/\/dropaccess.org\/#organization","name":"Acceso directo","url":"https:\/\/dropaccess.org\/","logo":{"@type":"ImageObject","inLanguage":"es","@id":"https:\/\/dropaccess.org\/#\/schema\/logo\/image\/","url":"https:\/\/dropaccess.org\/wp-content\/uploads\/2025\/06\/dropaccess-1536x477-2.png","contentUrl":"https:\/\/dropaccess.org\/wp-content\/uploads\/2025\/06\/dropaccess-1536x477-2.png","width":1536,"height":477,"caption":"Drop Access"},"image":{"@id":"https:\/\/dropaccess.org\/#\/schema\/logo\/image\/"},"sameAs":["https:\/\/www.facebook.com\/people\/Drop-Access-Limited\/61550777701702\/","https:\/\/x.com\/AccessDrop","https:\/\/www.instagram.com\/dropaccesslimited\/","https:\/\/www.linkedin.com\/company\/drop-access-limited","https:\/\/www.youtube.com\/@DropAccess","https:\/\/www.tiktok.com\/@drop.access.limited"]}]}},"_links":{"self":[{"href":"https:\/\/dropaccess.org\/es\/wp-json\/wp\/v2\/product\/89","targetHints":{"allow":["GET"]}}],"collection":[{"href":"https:\/\/dropaccess.org\/es\/wp-json\/wp\/v2\/product"}],"about":[{"href":"https:\/\/dropaccess.org\/es\/wp-json\/wp\/v2\/types\/product"}],"wp:featuredmedia":[{"embeddable":true,"href":"https:\/\/dropaccess.org\/es\/wp-json\/wp\/v2\/media\/589"}],"wp:attachment":[{"href":"https:\/\/dropaccess.org\/es\/wp-json\/wp\/v2\/media?parent=89"}],"wp:term":[{"taxonomy":"product_brand","embeddable":true,"href":"https:\/\/dropaccess.org\/es\/wp-json\/wp\/v2\/product_brand?post=89"},{"taxonomy":"product_cat","embeddable":true,"href":"https:\/\/dropaccess.org\/es\/wp-json\/wp\/v2\/product_cat?post=89"},{"taxonomy":"product_tag","embeddable":true,"href":"https:\/\/dropaccess.org\/es\/wp-json\/wp\/v2\/product_tag?post=89"}],"curies":[{"name":"wp","href":"https:\/\/api.w.org\/{rel}","templated":true}]}}