{"id":635,"date":"2025-06-12T12:41:06","date_gmt":"2025-06-12T12:41:06","guid":{"rendered":"https:\/\/dropaccess.org\/?post_type=product&#038;p=635"},"modified":"2025-12-28T15:19:39","modified_gmt":"2025-12-28T15:19:39","slug":"coolride-cold-chain-logistics","status":"publish","type":"product","link":"https:\/\/dropaccess.org\/de\/produkt\/coolride-cold-chain-logistics\/","title":{"rendered":"Coolride"},"content":{"rendered":"","protected":false},"excerpt":{"rendered":"<p data-start=\"182\" data-end=\"529\"><strong data-start=\"182\" data-end=\"220\">Service-\u00dcbersicht &amp; Schl\u00fcsselinformationen<\/strong><br data-start=\"220\" data-end=\"223\" \/><strong data-start=\"223\" data-end=\"235\">Coolride<\/strong> ist ein professioneller K\u00fchlkettenlogistikdienst, der den sicheren und zuverl\u00e4ssigen Transport temperaturempfindlicher Waren in verschiedenen Branchen gew\u00e4hrleistet. Von medizinischen G\u00fctern und Impfstoffen bis hin zu verderblichen Lebensmitteln und Agrarprodukten sorgt Coolride f\u00fcr optimale Temperaturbedingungen von der Quelle bis zum Ziel.<\/p>\n<p data-start=\"182\" data-end=\"529\"><strong data-start=\"531\" data-end=\"557\">Beschreibung (Merkmale)<\/strong>:<\/p>\n<ul data-start=\"559\" data-end=\"810\">\n<li data-start=\"559\" data-end=\"634\">\n<p data-start=\"561\" data-end=\"634\">Temperaturgesteuerter Transport (2\u00b0C bis 8\u00b0C, -20\u00b0C und Optionen f\u00fcr Umgebungstemperatur)<\/p>\n<\/li>\n<li data-start=\"635\" data-end=\"675\">\n<p data-start=\"637\" data-end=\"675\">GPS- und Temperatur\u00fcberwachung in Echtzeit<\/p>\n<\/li>\n<li data-start=\"676\" data-end=\"720\">\n<p data-start=\"678\" data-end=\"720\">Pr\u00e4qualifizierte Fahrzeuge und zertifiziertes Personal<\/p>\n<\/li>\n<li data-start=\"721\" data-end=\"760\">\n<p data-start=\"723\" data-end=\"760\">Modelle f\u00fcr planm\u00e4\u00dfige und bedarfsgesteuerte Bereitstellung<\/p>\n<\/li>\n<li data-start=\"761\" data-end=\"810\">\n<p data-start=\"763\" data-end=\"810\">Regulierungskonforme Dokumentation und Handhabung<\/p>\n<\/li>\n<\/ul>\n<p data-start=\"812\" data-end=\"925\"><strong data-start=\"812\" data-end=\"830\">Bediente Sektoren<\/strong>:<br data-start=\"831\" data-end=\"834\" \/>Apotheken, Kliniken, Krankenh\u00e4user, Laboratorien, Superm\u00e4rkte, landwirtschaftliche Betriebe, Forschungsinstitute<\/p>\n<p data-start=\"927\" data-end=\"1019\"><strong data-start=\"927\" data-end=\"944\">Erfassungsbereich<\/strong>:<br data-start=\"945\" data-end=\"948\" \/>Stadt- und Landrouten landesweit (anpassbare Lieferzonen verf\u00fcgbar)<\/p>\n<p data-start=\"927\" data-end=\"1019\"><strong data-start=\"1021\" data-end=\"1038\">Dienst-Modi<\/strong>:<br data-start=\"1039\" data-end=\"1042\" \/>Einzellieferung, Abonnement oder vollst\u00e4ndige Integration der Lieferkette<\/p>\n<p data-start=\"927\" data-end=\"1019\"><strong data-start=\"1107\" data-end=\"1133\">Lieferfahrzeug-Typen<\/strong>:<\/p>\n<ul data-start=\"1137\" data-end=\"1223\">\n<li data-start=\"1137\" data-end=\"1171\">\n<p data-start=\"1139\" data-end=\"1171\">Cold-Box-Motorr\u00e4der (letzte Meile)<\/p>\n<\/li>\n<li data-start=\"1172\" data-end=\"1191\">\n<p data-start=\"1174\" data-end=\"1191\">Gek\u00fchlte Lieferwagen<\/p>\n<\/li>\n<li data-start=\"1192\" data-end=\"1223\">\n<p data-start=\"1194\" data-end=\"1223\">Isolierte gro\u00dfvolumige Lkw<\/p>\n<\/li>\n<\/ul>\n<p data-start=\"1225\" data-end=\"1328\"><strong data-start=\"1225\" data-end=\"1247\">Garantie\/Gew\u00e4hrleistung<\/strong>:<br data-start=\"1248\" data-end=\"1251\" \/>Service-Level-Agreement (SLA) mit garantierter Betriebszeit und Einhaltung der Temperatur<\/p>\n<p data-start=\"1225\" data-end=\"1328\"><strong data-start=\"1330\" data-end=\"1339\">Preis<\/strong>:<br data-start=\"1340\" data-end=\"1343\" \/>Individuelle Angebote auf der Grundlage von Volumen, Entfernung und Servicefrequenz<\/p>","protected":false},"featured_media":434,"template":"","meta":{"_acf_changed":false,"inline_featured_image":false},"product_brand":[],"product_cat":[16],"product_tag":[],"class_list":{"0":"post-635","1":"product","2":"type-product","3":"status-publish","4":"has-post-thumbnail","6":"product_cat-uncategorized","8":"first","9":"instock","10":"featured","11":"sold-individually","12":"shipping-taxable","13":"product-type-simple"},"acf":[],"yoast_head":"<!-- This site is optimized with the Yoast SEO plugin v26.9 - https:\/\/yoast.com\/product\/yoast-seo-wordpress\/ -->\n<title>Coolride \u2013 Bridging Health Access with Smart Mobility<\/title>\n<meta name=\"description\" content=\"Coolride is a professional cold chain logistics service ensuring safe and reliable transport of temperature-sensitive goods\" \/>\n<meta name=\"robots\" content=\"index, follow, max-snippet:-1, max-image-preview:large, max-video-preview:-1\" \/>\n<link rel=\"canonical\" href=\"https:\/\/dropaccess.org\/de\/produkt\/coolride-cold-chain-logistics\/\" \/>\n<meta property=\"og:locale\" content=\"de_DE\" \/>\n<meta property=\"og:type\" content=\"article\" \/>\n<meta property=\"og:title\" content=\"Coolride \u2013 Bridging Health Access with Smart Mobility\" \/>\n<meta property=\"og:description\" content=\"Coolride is a professional cold chain logistics service ensuring safe and reliable transport of temperature-sensitive goods\" \/>\n<meta property=\"og:url\" content=\"https:\/\/dropaccess.org\/de\/produkt\/coolride-cold-chain-logistics\/\" \/>\n<meta property=\"og:site_name\" content=\"Drop Access\" \/>\n<meta property=\"article:publisher\" content=\"https:\/\/www.facebook.com\/people\/Drop-Access-Limited\/61550777701702\/\" \/>\n<meta property=\"article:modified_time\" content=\"2025-12-28T15:19:39+00:00\" \/>\n<meta property=\"og:image\" content=\"https:\/\/dropaccess.org\/wp-content\/uploads\/2025\/04\/COOL-RIDE-1-01.png\" \/>\n\t<meta property=\"og:image:width\" content=\"1920\" \/>\n\t<meta property=\"og:image:height\" content=\"1358\" \/>\n\t<meta property=\"og:image:type\" content=\"image\/png\" \/>\n<meta name=\"twitter:card\" content=\"summary_large_image\" \/>\n<meta name=\"twitter:site\" content=\"@AccessDrop\" \/>\n<meta name=\"twitter:label1\" content=\"Gesch\u00e4tzte Lesezeit\" \/>\n\t<meta name=\"twitter:data1\" content=\"1\u00a0Minute\" \/>\n<script type=\"application\/ld+json\" class=\"yoast-schema-graph\">{\"@context\":\"https:\/\/schema.org\",\"@graph\":[{\"@type\":\"WebPage\",\"@id\":\"https:\/\/dropaccess.org\/product\/coolride-cold-chain-logistics\/\",\"url\":\"https:\/\/dropaccess.org\/product\/coolride-cold-chain-logistics\/\",\"name\":\"Coolride \u2013 Bridging Health Access with Smart Mobility\",\"isPartOf\":{\"@id\":\"https:\/\/dropaccess.org\/#website\"},\"primaryImageOfPage\":{\"@id\":\"https:\/\/dropaccess.org\/product\/coolride-cold-chain-logistics\/#primaryimage\"},\"image\":{\"@id\":\"https:\/\/dropaccess.org\/product\/coolride-cold-chain-logistics\/#primaryimage\"},\"thumbnailUrl\":\"https:\/\/dropaccess.org\/wp-content\/uploads\/2025\/04\/COOL-RIDE-1-01.png\",\"datePublished\":\"2025-06-12T12:41:06+00:00\",\"dateModified\":\"2025-12-28T15:19:39+00:00\",\"description\":\"Coolride is a professional cold chain logistics service ensuring safe and reliable transport of temperature-sensitive goods\",\"breadcrumb\":{\"@id\":\"https:\/\/dropaccess.org\/product\/coolride-cold-chain-logistics\/#breadcrumb\"},\"inLanguage\":\"de\",\"potentialAction\":[{\"@type\":\"ReadAction\",\"target\":[\"https:\/\/dropaccess.org\/product\/coolride-cold-chain-logistics\/\"]}]},{\"@type\":\"ImageObject\",\"inLanguage\":\"de\",\"@id\":\"https:\/\/dropaccess.org\/product\/coolride-cold-chain-logistics\/#primaryimage\",\"url\":\"https:\/\/dropaccess.org\/wp-content\/uploads\/2025\/04\/COOL-RIDE-1-01.png\",\"contentUrl\":\"https:\/\/dropaccess.org\/wp-content\/uploads\/2025\/04\/COOL-RIDE-1-01.png\",\"width\":1920,\"height\":1358},{\"@type\":\"BreadcrumbList\",\"@id\":\"https:\/\/dropaccess.org\/product\/coolride-cold-chain-logistics\/#breadcrumb\",\"itemListElement\":[{\"@type\":\"ListItem\",\"position\":1,\"name\":\"Home\",\"item\":\"https:\/\/dropaccess.org\/\"},{\"@type\":\"ListItem\",\"position\":2,\"name\":\"Products\",\"item\":\"https:\/\/dropaccess.org\/shop\/\"},{\"@type\":\"ListItem\",\"position\":3,\"name\":\"Coolride\"}]},{\"@type\":\"WebSite\",\"@id\":\"https:\/\/dropaccess.org\/#website\",\"url\":\"https:\/\/dropaccess.org\/\",\"name\":\"Drop Access\",\"description\":\"\",\"publisher\":{\"@id\":\"https:\/\/dropaccess.org\/#organization\"},\"potentialAction\":[{\"@type\":\"SearchAction\",\"target\":{\"@type\":\"EntryPoint\",\"urlTemplate\":\"https:\/\/dropaccess.org\/?s={search_term_string}\"},\"query-input\":{\"@type\":\"PropertyValueSpecification\",\"valueRequired\":true,\"valueName\":\"search_term_string\"}}],\"inLanguage\":\"de\"},{\"@type\":\"Organization\",\"@id\":\"https:\/\/dropaccess.org\/#organization\",\"name\":\"Drop Access\",\"url\":\"https:\/\/dropaccess.org\/\",\"logo\":{\"@type\":\"ImageObject\",\"inLanguage\":\"de\",\"@id\":\"https:\/\/dropaccess.org\/#\/schema\/logo\/image\/\",\"url\":\"https:\/\/dropaccess.org\/wp-content\/uploads\/2025\/06\/dropaccess-1536x477-2.png\",\"contentUrl\":\"https:\/\/dropaccess.org\/wp-content\/uploads\/2025\/06\/dropaccess-1536x477-2.png\",\"width\":1536,\"height\":477,\"caption\":\"Drop Access\"},\"image\":{\"@id\":\"https:\/\/dropaccess.org\/#\/schema\/logo\/image\/\"},\"sameAs\":[\"https:\/\/www.facebook.com\/people\/Drop-Access-Limited\/61550777701702\/\",\"https:\/\/x.com\/AccessDrop\",\"https:\/\/www.instagram.com\/dropaccesslimited\/\",\"https:\/\/www.linkedin.com\/company\/drop-access-limited\",\"https:\/\/www.youtube.com\/@DropAccess\",\"https:\/\/www.tiktok.com\/@drop.access.limited\"]}]}<\/script>\n<!-- \/ Yoast SEO plugin. -->","yoast_head_json":{"title":"Coolride \u2013 Bridging Health Access with Smart Mobility","description":"Coolride is a professional cold chain logistics service ensuring safe and reliable transport of temperature-sensitive goods","robots":{"index":"index","follow":"follow","max-snippet":"max-snippet:-1","max-image-preview":"max-image-preview:large","max-video-preview":"max-video-preview:-1"},"canonical":"https:\/\/dropaccess.org\/de\/produkt\/coolride-cold-chain-logistics\/","og_locale":"de_DE","og_type":"article","og_title":"Coolride \u2013 Bridging Health Access with Smart Mobility","og_description":"Coolride is a professional cold chain logistics service ensuring safe and reliable transport of temperature-sensitive goods","og_url":"https:\/\/dropaccess.org\/de\/produkt\/coolride-cold-chain-logistics\/","og_site_name":"Drop Access","article_publisher":"https:\/\/www.facebook.com\/people\/Drop-Access-Limited\/61550777701702\/","article_modified_time":"2025-12-28T15:19:39+00:00","og_image":[{"width":1920,"height":1358,"url":"https:\/\/dropaccess.org\/wp-content\/uploads\/2025\/04\/COOL-RIDE-1-01.png","type":"image\/png"}],"twitter_card":"summary_large_image","twitter_site":"@AccessDrop","twitter_misc":{"Gesch\u00e4tzte Lesezeit":"1\u00a0Minute"},"schema":{"@context":"https:\/\/schema.org","@graph":[{"@type":"WebPage","@id":"https:\/\/dropaccess.org\/product\/coolride-cold-chain-logistics\/","url":"https:\/\/dropaccess.org\/product\/coolride-cold-chain-logistics\/","name":"Coolride \u2013 Bridging Health Access with Smart Mobility","isPartOf":{"@id":"https:\/\/dropaccess.org\/#website"},"primaryImageOfPage":{"@id":"https:\/\/dropaccess.org\/product\/coolride-cold-chain-logistics\/#primaryimage"},"image":{"@id":"https:\/\/dropaccess.org\/product\/coolride-cold-chain-logistics\/#primaryimage"},"thumbnailUrl":"https:\/\/dropaccess.org\/wp-content\/uploads\/2025\/04\/COOL-RIDE-1-01.png","datePublished":"2025-06-12T12:41:06+00:00","dateModified":"2025-12-28T15:19:39+00:00","description":"Coolride is a professional cold chain logistics service ensuring safe and reliable transport of temperature-sensitive goods","breadcrumb":{"@id":"https:\/\/dropaccess.org\/product\/coolride-cold-chain-logistics\/#breadcrumb"},"inLanguage":"de","potentialAction":[{"@type":"ReadAction","target":["https:\/\/dropaccess.org\/product\/coolride-cold-chain-logistics\/"]}]},{"@type":"ImageObject","inLanguage":"de","@id":"https:\/\/dropaccess.org\/product\/coolride-cold-chain-logistics\/#primaryimage","url":"https:\/\/dropaccess.org\/wp-content\/uploads\/2025\/04\/COOL-RIDE-1-01.png","contentUrl":"https:\/\/dropaccess.org\/wp-content\/uploads\/2025\/04\/COOL-RIDE-1-01.png","width":1920,"height":1358},{"@type":"BreadcrumbList","@id":"https:\/\/dropaccess.org\/product\/coolride-cold-chain-logistics\/#breadcrumb","itemListElement":[{"@type":"ListItem","position":1,"name":"Home","item":"https:\/\/dropaccess.org\/"},{"@type":"ListItem","position":2,"name":"Products","item":"https:\/\/dropaccess.org\/shop\/"},{"@type":"ListItem","position":3,"name":"Coolride"}]},{"@type":"WebSite","@id":"https:\/\/dropaccess.org\/#website","url":"https:\/\/dropaccess.org\/","name":"Zugang fallen lassen","description":"","publisher":{"@id":"https:\/\/dropaccess.org\/#organization"},"potentialAction":[{"@type":"SearchAction","target":{"@type":"EntryPoint","urlTemplate":"https:\/\/dropaccess.org\/?s={search_term_string}"},"query-input":{"@type":"PropertyValueSpecification","valueRequired":true,"valueName":"search_term_string"}}],"inLanguage":"de"},{"@type":"Organization","@id":"https:\/\/dropaccess.org\/#organization","name":"Zugang fallen lassen","url":"https:\/\/dropaccess.org\/","logo":{"@type":"ImageObject","inLanguage":"de","@id":"https:\/\/dropaccess.org\/#\/schema\/logo\/image\/","url":"https:\/\/dropaccess.org\/wp-content\/uploads\/2025\/06\/dropaccess-1536x477-2.png","contentUrl":"https:\/\/dropaccess.org\/wp-content\/uploads\/2025\/06\/dropaccess-1536x477-2.png","width":1536,"height":477,"caption":"Drop Access"},"image":{"@id":"https:\/\/dropaccess.org\/#\/schema\/logo\/image\/"},"sameAs":["https:\/\/www.facebook.com\/people\/Drop-Access-Limited\/61550777701702\/","https:\/\/x.com\/AccessDrop","https:\/\/www.instagram.com\/dropaccesslimited\/","https:\/\/www.linkedin.com\/company\/drop-access-limited","https:\/\/www.youtube.com\/@DropAccess","https:\/\/www.tiktok.com\/@drop.access.limited"]}]}},"_links":{"self":[{"href":"https:\/\/dropaccess.org\/de\/wp-json\/wp\/v2\/product\/635","targetHints":{"allow":["GET"]}}],"collection":[{"href":"https:\/\/dropaccess.org\/de\/wp-json\/wp\/v2\/product"}],"about":[{"href":"https:\/\/dropaccess.org\/de\/wp-json\/wp\/v2\/types\/product"}],"wp:featuredmedia":[{"embeddable":true,"href":"https:\/\/dropaccess.org\/de\/wp-json\/wp\/v2\/media\/434"}],"wp:attachment":[{"href":"https:\/\/dropaccess.org\/de\/wp-json\/wp\/v2\/media?parent=635"}],"wp:term":[{"taxonomy":"product_brand","embeddable":true,"href":"https:\/\/dropaccess.org\/de\/wp-json\/wp\/v2\/product_brand?post=635"},{"taxonomy":"product_cat","embeddable":true,"href":"https:\/\/dropaccess.org\/de\/wp-json\/wp\/v2\/product_cat?post=635"},{"taxonomy":"product_tag","embeddable":true,"href":"https:\/\/dropaccess.org\/de\/wp-json\/wp\/v2\/product_tag?post=635"}],"curies":[{"name":"wp","href":"https:\/\/api.w.org\/{rel}","templated":true}]}}